{"id":100,"date":"2016-04-08T11:03:27","date_gmt":"2016-04-08T09:03:27","guid":{"rendered":"http:\/\/stuffmasterben.ddns.net:54321\/WordPress\/?page_id=100"},"modified":"2016-04-08T11:03:27","modified_gmt":"2016-04-08T09:03:27","slug":"von-1900-1945","status":"publish","type":"page","link":"https:\/\/burghammer.de\/?page_id=100","title":{"rendered":"von 1900 &#8211; 1945"},"content":{"rendered":"<table style=\"height: 874px;\" border=\"0\" width=\"625\" cellspacing=\"0\" cellpadding=\"0\">\n<tbody>\n<tr>\n<td colspan=\"3\" align=\"left\" valign=\"top\" width=\"528\">\n<table border=\"0\" cellspacing=\"2\" cellpadding=\"3\">\n<tbody>\n<tr>\n<td valign=\"top\" bgcolor=\"#7d1a1f\"><strong><span style=\"color: #ffffff; font-family: Verdana;\">1903<\/span><\/strong><\/td>\n<td><\/td>\n<td>Gr\u00fcndung eines Feuerwehrmusikkorps und Bau des Feuerwachturms. Der Turm wurde auch von Besuchern als Aussichtsturm genutzt<\/td>\n<\/tr>\n<tr>\n<td valign=\"top\" bgcolor=\"#7d1a1f\"><strong><span style=\"color: #ffffff; font-family: Verdana;\">1906<\/span><\/strong><\/td>\n<td><\/td>\n<td>Neubauten der Schule und Kapelle wurden beendet. Die Einweihung der Kapelle fand am 30.September 1906 statt.<\/td>\n<\/tr>\n<tr>\n<td valign=\"top\" bgcolor=\"#7d1a1f\"><strong>1910<\/strong><\/td>\n<td><\/td>\n<td><span style=\"font-family: Verdana;\">In der N\u00e4he von Spreetal entsteht die &#8222;Grube Brigitta&#8220;<\/span><\/td>\n<\/tr>\n<tr>\n<td valign=\"top\" bgcolor=\"#7d1a1f\"><span style=\"color: #ffffff; font-family: Verdana;\"><strong>1915<\/strong><\/span><\/td>\n<td><\/td>\n<td><span class=\"txt\"><span style=\"font-family: Verdana;\">Turnverein in Burghammer gegr\u00fcndet, geleitet von Herrn Traugott Scheffer. Burghammer hatte damals auch einen eigenen Turnplatz.<\/span><\/span><\/td>\n<\/tr>\n<tr>\n<td valign=\"top\" bgcolor=\"#7d1a1f\"><span style=\"color: #ffffff; font-family: Verdana;\"><strong>1921<\/strong><\/span><\/td>\n<td><\/td>\n<td><span style=\"font-family: Verdana;\">Gr\u00fcndung der Elektrizit\u00e4tsgenossenschaft Burghammer und Umgebung GmbH, Sitz Burghammer. Eintragung erfolgte im Genossenschaftsregister Nr.45 des Amtsgerichtes Hoyerswerda. Nach der Aufl\u00f6sung dieser Genossenschaft im Jahre 1955 wurde das Geb\u00e4ude als St\u00fctzpunkt der MTS genutzt und 1963\/64 vom Meliorationsbau \u00fcbernommen.<\/span><\/td>\n<\/tr>\n<tr>\n<td valign=\"top\" bgcolor=\"#7d1a1f\"><span style=\"color: #ffffff; font-family: Verdana;\"><strong>1936<\/strong><\/span><\/td>\n<td><\/td>\n<td><span style=\"font-family: Verdana;\">Der neue Kirchturm wurde erbaut und am 8.November 1939 eingeweiht. Es wurde auch eine zweite Glocke eingebaut.<\/span><\/td>\n<\/tr>\n<tr>\n<td valign=\"top\" nowrap=\"nowrap\" bgcolor=\"#7d1a1f\"><span style=\"color: #ffffff; font-family: Verdana;\"><strong>1940 &#8211;<br \/>\n1945<\/strong><\/span><\/td>\n<td><\/td>\n<td><span style=\"font-family: Verdana;\">In den Kriegsjahren war ein Gefangenenlager stationiert, in dem Franzosen, Russen und Engl\u00e4nder untergebracht waren. Die Orte Burghammer, Burgneudorf, Spreewitz und Spreetal, der Kreis Hoyerswerda sowie das Werk &#8222;Grube Brigitta&#8220; wurden als Restgebiete Schlesiens dem Land Sachsen angegliedert.<\/span><\/td>\n<\/tr>\n<\/tbody>\n<\/table>\n<\/td>\n<td rowspan=\"2\" width=\"21\"><\/td>\n<td width=\"1\"><\/td>\n<\/tr>\n<tr>\n<td colspan=\"2\" rowspan=\"2\" width=\"96\"><\/td>\n<td colspan=\"2\" align=\"left\" valign=\"top\"><\/td>\n<td width=\"1\"><\/td>\n<\/tr>\n<\/tbody>\n<\/table>\n","protected":false},"excerpt":{"rendered":"<p>1903 Gr\u00fcndung eines Feuerwehrmusikkorps und Bau des Feuerwachturms. Der Turm wurde auch von Besuchern als Aussichtsturm genutzt 1906 Neubauten der Schule und Kapelle wurden beendet. Die Einweihung der Kapelle fand am 30.September 1906 statt. 1910 In der N\u00e4he von Spreetal entsteht die &#8222;Grube Brigitta&#8220; 1915 Turnverein in Burghammer gegr\u00fcndet, geleitet von Herrn Traugott Scheffer. Burghammer &hellip; <\/p>\n<p class=\"link-more\"><a href=\"https:\/\/burghammer.de\/?page_id=100\" class=\"more-link\"><span class=\"screen-reader-text\">\u201evon 1900 &#8211; 1945\u201c <\/span>weiterlesen<\/a><\/p>\n","protected":false},"author":1,"featured_media":0,"parent":95,"menu_order":2,"comment_status":"closed","ping_status":"closed","template":"","meta":{"footnotes":""},"class_list":["post-100","page","type-page","status-publish","hentry"],"_links":{"self":[{"href":"https:\/\/burghammer.de\/index.php?rest_route=\/wp\/v2\/pages\/100","targetHints":{"allow":["GET"]}}],"collection":[{"href":"https:\/\/burghammer.de\/index.php?rest_route=\/wp\/v2\/pages"}],"about":[{"href":"https:\/\/burghammer.de\/index.php?rest_route=\/wp\/v2\/types\/page"}],"author":[{"embeddable":true,"href":"https:\/\/burghammer.de\/index.php?rest_route=\/wp\/v2\/users\/1"}],"replies":[{"embeddable":true,"href":"https:\/\/burghammer.de\/index.php?rest_route=%2Fwp%2Fv2%2Fcomments&post=100"}],"version-history":[{"count":0,"href":"https:\/\/burghammer.de\/index.php?rest_route=\/wp\/v2\/pages\/100\/revisions"}],"up":[{"embeddable":true,"href":"https:\/\/burghammer.de\/index.php?rest_route=\/wp\/v2\/pages\/95"}],"wp:attachment":[{"href":"https:\/\/burghammer.de\/index.php?rest_route=%2Fwp%2Fv2%2Fmedia&parent=100"}],"curies":[{"name":"wp","href":"https:\/\/api.w.org\/{rel}","templated":true}]}}