{"id":102,"date":"2016-04-08T11:04:11","date_gmt":"2016-04-08T09:04:11","guid":{"rendered":"http:\/\/stuffmasterben.ddns.net:54321\/WordPress\/?page_id=102"},"modified":"2016-04-08T11:04:11","modified_gmt":"2016-04-08T09:04:11","slug":"von-1945-1990","status":"publish","type":"page","link":"https:\/\/burghammer.de\/?page_id=102","title":{"rendered":"von 1945 &#8211; 1990"},"content":{"rendered":"<table style=\"height: 1168px;\" border=\"0\" width=\"587\" cellspacing=\"0\" cellpadding=\"0\">\n<tbody>\n<tr>\n<td colspan=\"2\" align=\"left\" valign=\"top\" width=\"528\" height=\"512\">\n<table border=\"0\" cellspacing=\"2\" cellpadding=\"3\">\n<tbody>\n<tr>\n<td valign=\"top\" bgcolor=\"#7d1a1f\"><span class=\"txt\"><strong><span style=\"color: #ffffff; font-family: Verdana;\">1947<\/span><\/strong><\/span><\/td>\n<td><\/td>\n<td><span class=\"txt\"><span style=\"font-family: Verdana;\">Gr\u00fcndung des DFD, Ortgruppe mit ca. 50 Mitgliedern gebildet.<\/span><\/span><\/td>\n<\/tr>\n<tr>\n<td valign=\"top\" bgcolor=\"#7d1a1f\"><span class=\"txt\"><strong><span style=\"color: #ffffff; font-family: Verdana;\">1948<\/span><\/strong><\/span><\/td>\n<td><\/td>\n<td><span class=\"txt\"><span style=\"font-family: Verdana;\">Im ehemaligen Gemeindehaus wurde im September 1948 der erste Kindergarten f\u00fcr Burghammer eingerichtet. Fr\u00fcher war dieses Geb\u00e4ude das Beamtenhaus des Eisenwerkes. Das Haus wurde 1994 wegen seines schlechten Bauzustandes abgerissen.<\/span><\/span><\/td>\n<\/tr>\n<tr>\n<td valign=\"top\" bgcolor=\"#7d1a1f\"><span class=\"txt\"><span style=\"color: #ffffff; font-family: Verdana;\"><strong>1950<\/strong><\/span><\/span><\/td>\n<td><\/td>\n<td><span class=\"txt\"><span style=\"font-family: Verdana;\">Fertigstellung der Friedhofshalle, dessen Bau 1948 begann.<\/span><\/span><\/td>\n<\/tr>\n<tr>\n<td valign=\"top\" bgcolor=\"#7d1a1f\"><span class=\"txt\"><span style=\"color: #ffffff; font-family: Verdana;\"><strong>1955<\/strong><\/span><\/span><\/td>\n<td><\/td>\n<td><span class=\"txt\"><span style=\"font-family: Verdana;\">In den Jahren 1955 &#8211; 1973 pr\u00e4gte der Tagebau Burghammer das soziale und \u00f6konomische Gef\u00fcge der Landschaft. In diesem Zeitraum von 10 Jahren wurden ca. 70 Millionen Tonnen Rohkohle gef\u00f6rdert und im Kombinat Schwarze Pumpe zu Strom, Gas und Briketts veredelt. In dieser Zeit waren rund 350 Arbeiter und Angestellte im Tagebau besch\u00e4ftigt. Nach dem Auslaufen des Kohleabbaus wurden verschiedenartige Abprodukte des KSP (Kombinat Schwarze Pumpe) in das Restloch versp\u00fclt. Inzwischen laufen die Vorbereitungen f\u00fcr die Sicherung und Gestaltung des ehemaligen Bergbaugel\u00e4ndes zum Naherholungsgebiet.<\/span><\/span><\/td>\n<\/tr>\n<tr>\n<td valign=\"top\" bgcolor=\"#7d1a1f\"><span class=\"txt\"><span style=\"color: #ffffff; font-family: Verdana;\"><strong>1957<\/strong><\/span><\/span><\/td>\n<td><\/td>\n<td><span class=\"txt\"><span style=\"font-family: Verdana;\">Die LPG Typ 1 wurde in Burghammer gebildet.<\/span><\/span><\/td>\n<\/tr>\n<tr>\n<td valign=\"top\" bgcolor=\"#7d1a1f\"><span class=\"txt\"><span style=\"color: #ffffff; font-family: Verdana;\"><strong>1958<\/strong><\/span><\/span><\/td>\n<td><\/td>\n<td><span class=\"txt\"><span style=\"font-family: Verdana;\">Die Poststelle in Burghammer bekam ein Selbstw\u00e4hlamt.<\/span><\/span><\/td>\n<\/tr>\n<tr>\n<td valign=\"top\" nowrap=\"nowrap\" bgcolor=\"#7d1a1f\"><span class=\"txt\"><span style=\"color: #ffffff; font-family: Verdana;\"><strong>1960<\/strong><\/span><\/span><\/td>\n<td><\/td>\n<td><span class=\"txt\"><span style=\"font-family: Verdana;\">Im Fr\u00fchjahr schlossen sich die Bauern zur Genossenschaft zusammen, in Burghammer und Burgneudorf entstand die LPG Typ 1 &#8222;Spreetal&#8220;<\/span><\/span><\/td>\n<\/tr>\n<tr>\n<td valign=\"top\" nowrap=\"nowrap\" bgcolor=\"#7d1a1f\"><span class=\"txt\"><span style=\"color: #ffffff; font-family: Verdana;\"><strong>1973<\/strong><\/span><\/span><\/td>\n<td><\/td>\n<td><span class=\"txt\"><span style=\"font-family: Verdana;\">Einweihung der neuen Schule in Burgneudorf, hier gehen auch die Sch\u00fcler aus Burghammer zur Schule. Am 30.09.1973 verlie\u00df der letzte Kohlezug den Tagebau und es folgte die Schlie\u00dfung dieses Tagebaus.<\/span><\/span><\/td>\n<\/tr>\n<tr>\n<td valign=\"top\" nowrap=\"nowrap\" bgcolor=\"#7d1a1f\"><span class=\"txt\"><span style=\"color: #ffffff; font-family: Verdana;\"><strong>1982<\/strong><\/span><\/span><\/td>\n<td><\/td>\n<td><span class=\"txt\"><span style=\"font-family: Verdana;\">Die Gartenanlage &#8222;Kleine Spree e.V.&#8220; wurde gegr\u00fcndet.<\/span><\/span><\/td>\n<\/tr>\n<\/tbody>\n<\/table>\n<\/td>\n<td rowspan=\"2\" width=\"21\" height=\"722\"><\/td>\n<td width=\"1\" height=\"512\"><\/td>\n<\/tr>\n<tr>\n<td align=\"left\" valign=\"top\" width=\"272\" height=\"210\"><\/td>\n<td align=\"left\" valign=\"top\" width=\"256\" height=\"210\"><\/td>\n<\/tr>\n<\/tbody>\n<\/table>\n","protected":false},"excerpt":{"rendered":"<p>1947 Gr\u00fcndung des DFD, Ortgruppe mit ca. 50 Mitgliedern gebildet. 1948 Im ehemaligen Gemeindehaus wurde im September 1948 der erste Kindergarten f\u00fcr Burghammer eingerichtet. Fr\u00fcher war dieses Geb\u00e4ude das Beamtenhaus des Eisenwerkes. Das Haus wurde 1994 wegen seines schlechten Bauzustandes abgerissen. 1950 Fertigstellung der Friedhofshalle, dessen Bau 1948 begann. 1955 In den Jahren 1955 &#8211; &hellip; <\/p>\n<p class=\"link-more\"><a href=\"https:\/\/burghammer.de\/?page_id=102\" class=\"more-link\"><span class=\"screen-reader-text\">\u201evon 1945 &#8211; 1990\u201c <\/span>weiterlesen<\/a><\/p>\n","protected":false},"author":1,"featured_media":0,"parent":95,"menu_order":3,"comment_status":"closed","ping_status":"closed","template":"","meta":{"footnotes":""},"class_list":["post-102","page","type-page","status-publish","hentry"],"_links":{"self":[{"href":"https:\/\/burghammer.de\/index.php?rest_route=\/wp\/v2\/pages\/102","targetHints":{"allow":["GET"]}}],"collection":[{"href":"https:\/\/burghammer.de\/index.php?rest_route=\/wp\/v2\/pages"}],"about":[{"href":"https:\/\/burghammer.de\/index.php?rest_route=\/wp\/v2\/types\/page"}],"author":[{"embeddable":true,"href":"https:\/\/burghammer.de\/index.php?rest_route=\/wp\/v2\/users\/1"}],"replies":[{"embeddable":true,"href":"https:\/\/burghammer.de\/index.php?rest_route=%2Fwp%2Fv2%2Fcomments&post=102"}],"version-history":[{"count":0,"href":"https:\/\/burghammer.de\/index.php?rest_route=\/wp\/v2\/pages\/102\/revisions"}],"up":[{"embeddable":true,"href":"https:\/\/burghammer.de\/index.php?rest_route=\/wp\/v2\/pages\/95"}],"wp:attachment":[{"href":"https:\/\/burghammer.de\/index.php?rest_route=%2Fwp%2Fv2%2Fmedia&parent=102"}],"curies":[{"name":"wp","href":"https:\/\/api.w.org\/{rel}","templated":true}]}}