{"id":104,"date":"2016-04-08T11:05:14","date_gmt":"2016-04-08T09:05:14","guid":{"rendered":"http:\/\/stuffmasterben.ddns.net:54321\/WordPress\/?page_id=104"},"modified":"2016-04-08T11:05:14","modified_gmt":"2016-04-08T09:05:14","slug":"seit-1990","status":"publish","type":"page","link":"https:\/\/burghammer.de\/?page_id=104","title":{"rendered":"seit 1990"},"content":{"rendered":"<table border=\"0\" cellspacing=\"2\" cellpadding=\"3\">\n<tbody>\n<tr>\n<td valign=\"top\" bgcolor=\"#7d1a1f\"><strong><span style=\"color: #ffffff; font-family: Verdana;\">1991<\/span><\/strong><\/td>\n<td><\/td>\n<td>Der Contry- und Westernclub &#8222;Little Ranch e.V.&#8220; wurde gegr\u00fcndet<\/td>\n<\/tr>\n<tr>\n<td valign=\"top\" bgcolor=\"#7d1a1f\"><strong><span style=\"color: #ffffff; font-family: Verdana;\">1992<\/span><\/strong><\/td>\n<td><\/td>\n<td>Leider wurde die Poststelle im Ort geschlossen. Die ehemalige Tagebauk\u00fcche Burghammer wurde rekonstruiert. Hier konnte am 31.10.1992 das neue Kinderparadies &#8222;Waldh\u00e4uschen&#8220; eingeweiht werden. Ein eigener Spielplatz und eine Rollerbahn kamen schnell hinzu.<\/td>\n<\/tr>\n<tr>\n<td valign=\"top\" bgcolor=\"#7d1a1f\"><span style=\"color: #ffffff; font-family: Verdana;\"><strong>1993<\/strong><\/span><\/td>\n<td><\/td>\n<td>Der Neubau des Familienhauses im oberen Dorf wurde fertiggestellt.<\/td>\n<\/tr>\n<tr>\n<td valign=\"top\" bgcolor=\"#7d1a1f\"><span style=\"color: #ffffff; font-family: Verdana;\"><strong>1995<\/strong><\/span><\/td>\n<td><\/td>\n<td>14 Einwohner gr\u00fcnden den \u201eDorfclub Burghammer e.V.\u201c<\/td>\n<\/tr>\n<tr>\n<td valign=\"top\" bgcolor=\"#7d1a1f\"><span style=\"color: #ffffff; font-family: Verdana;\"><strong>1996<\/strong><\/span><\/td>\n<td><\/td>\n<td>Abriss des alten Gasthofs Burghammer. Hier soll durch die Firma &#8222;Knappe&#8220; etwas Neues entstehen.<\/p>\n<p>Im Sommer 1996 feierte unser Dorf 400 Jahre Burghammer<\/p>\n<p>Burghammer wird Teil der neu gegr\u00fcndeten Gemeinde Spreetal (7 Ortsteile)<\/td>\n<\/tr>\n<tr>\n<td valign=\"top\" bgcolor=\"#7d1a1f\"><span style=\"color: #ffffff; font-family: Verdana;\"><strong>1997<\/strong><\/span><\/td>\n<td><\/td>\n<td>100 Jahre Bestehen der Freiwilligen Feuerwehr Burghammer<\/td>\n<\/tr>\n<tr>\n<td valign=\"top\" bgcolor=\"#7d1a1f\"><span style=\"color: #ffffff; font-family: Verdana;\"><strong>1998<\/strong><\/span><\/td>\n<td><\/td>\n<td>Der Name \u201eBernsteinsee\u201c entsteht im Zuge einer B\u00fcrgerumfrage und l\u00f6st den Begriff Restloch Burghammer ab.<br \/>\n8 Eigenheime entstehen am Standort \u201eSeeblick\u201c50 Jahre Kindergarten Burghammer<\/td>\n<\/tr>\n<tr>\n<td valign=\"top\" bgcolor=\"#7d1a1f\"><span style=\"color: #ffffff; font-family: Verdana;\"><strong>1999<\/strong><\/span><\/td>\n<td><\/td>\n<td>Beginn der Sanierungsarbeiten am Bernsteinsee<\/td>\n<\/tr>\n<tr>\n<td valign=\"top\" bgcolor=\"#7d1a1f\"><span style=\"color: #ffffff; font-family: Verdana;\"><strong>2000<\/strong><\/span><\/td>\n<td><\/td>\n<td>Einweihung des neuen Festplatzes mit B\u00fchne auf dem ehemaligen Eisenwerk- und sp\u00e4teren Meliorationsgel\u00e4ndes<\/td>\n<\/tr>\n<tr>\n<td valign=\"top\" bgcolor=\"#7d1a1f\"><span style=\"color: #ffffff; font-family: Verdana;\"><strong>2001<\/strong><\/span><\/td>\n<td><\/td>\n<td>Das Kirchendach wird erneuert.<\/td>\n<\/tr>\n<tr>\n<td valign=\"top\" bgcolor=\"#7d1a1f\"><span style=\"color: #ffffff; font-family: Verdana;\"><strong>2002<\/strong><\/span><\/td>\n<td><\/td>\n<td>Inbetriebnahme des neu errichteten und durch Burghammer f\u00fchrenden Frosch-Rad-Wanderweg<\/td>\n<\/tr>\n<tr>\n<td valign=\"top\" bgcolor=\"#7d1a1f\"><span style=\"color: #ffffff; font-family: Verdana;\"><strong>2003<\/strong><\/span><\/td>\n<td><\/td>\n<td>Die ersten Kraniche br\u00fcten am Bernsteinsee.<\/p>\n<p>Sportgemeinschaft Burghammer wird gegr\u00fcndet (z.Z. Volleyball)<\/td>\n<\/tr>\n<tr>\n<td valign=\"top\" bgcolor=\"#7d1a1f\"><span style=\"color: #ffffff; font-family: Verdana;\"><strong>2004<\/strong><\/span><\/td>\n<td><\/td>\n<td>Umverlegung von 12 sterblichen \u00dcberresten der russischen Armee vom ehemaligen Schulplatz auf den Friedhof in Burghammer<\/td>\n<\/tr>\n<tr>\n<td valign=\"top\" bgcolor=\"#7d1a1f\"><span style=\"color: #ffffff; font-family: Verdana;\"><strong>2005<\/strong><\/span><\/td>\n<td><\/td>\n<td>Erweiterung und Modernisierung der Friedhofstrauerhalle<\/p>\n<p>Errichtung einer Beach-Volleyball-Anlage im Strandbereich des Bernsteinsees.<\/td>\n<\/tr>\n<tr>\n<td valign=\"top\" bgcolor=\"#7d1a1f\"><span style=\"color: #ffffff; font-family: Verdana;\"><strong>2006<\/strong><\/span><\/td>\n<td><\/td>\n<td>Bau und Fertigstellung des Ablaufkanals Bernsteinsee \u2013 Kleine Spree mit Wehranlage<\/p>\n<p>100 Jahr-Feier Kirche Burghammer<\/p>\n<p>Grundlegende Erneuerung der ehemaligen Dorf- jetzt Bernsteinstra\u00dfe<\/td>\n<\/tr>\n<tr>\n<td valign=\"top\" bgcolor=\"#7d1a1f\"><span style=\"color: #ffffff; font-family: Verdana;\"><strong>2007<\/strong><\/span><\/td>\n<td><\/td>\n<td>Abriss der Kleingartenanlage \u201eKleine Spree\u201c aufgrund des \u201eGrundwasserwiederanstiegs\u201c<\/p>\n<p>Aus dem Meliorationsgel\u00e4nde wird ein Gemeindebauhof.<\/td>\n<\/tr>\n<\/tbody>\n<\/table>\n","protected":false},"excerpt":{"rendered":"<p>1991 Der Contry- und Westernclub &#8222;Little Ranch e.V.&#8220; wurde gegr\u00fcndet 1992 Leider wurde die Poststelle im Ort geschlossen. Die ehemalige Tagebauk\u00fcche Burghammer wurde rekonstruiert. Hier konnte am 31.10.1992 das neue Kinderparadies &#8222;Waldh\u00e4uschen&#8220; eingeweiht werden. Ein eigener Spielplatz und eine Rollerbahn kamen schnell hinzu. 1993 Der Neubau des Familienhauses im oberen Dorf wurde fertiggestellt. 1995 14 &hellip; <\/p>\n<p class=\"link-more\"><a href=\"https:\/\/burghammer.de\/?page_id=104\" class=\"more-link\"><span class=\"screen-reader-text\">\u201eseit 1990\u201c <\/span>weiterlesen<\/a><\/p>\n","protected":false},"author":1,"featured_media":0,"parent":95,"menu_order":4,"comment_status":"closed","ping_status":"closed","template":"","meta":{"footnotes":""},"class_list":["post-104","page","type-page","status-publish","hentry"],"_links":{"self":[{"href":"https:\/\/burghammer.de\/index.php?rest_route=\/wp\/v2\/pages\/104","targetHints":{"allow":["GET"]}}],"collection":[{"href":"https:\/\/burghammer.de\/index.php?rest_route=\/wp\/v2\/pages"}],"about":[{"href":"https:\/\/burghammer.de\/index.php?rest_route=\/wp\/v2\/types\/page"}],"author":[{"embeddable":true,"href":"https:\/\/burghammer.de\/index.php?rest_route=\/wp\/v2\/users\/1"}],"replies":[{"embeddable":true,"href":"https:\/\/burghammer.de\/index.php?rest_route=%2Fwp%2Fv2%2Fcomments&post=104"}],"version-history":[{"count":0,"href":"https:\/\/burghammer.de\/index.php?rest_route=\/wp\/v2\/pages\/104\/revisions"}],"up":[{"embeddable":true,"href":"https:\/\/burghammer.de\/index.php?rest_route=\/wp\/v2\/pages\/95"}],"wp:attachment":[{"href":"https:\/\/burghammer.de\/index.php?rest_route=%2Fwp%2Fv2%2Fmedia&parent=104"}],"curies":[{"name":"wp","href":"https:\/\/api.w.org\/{rel}","templated":true}]}}