{"id":106,"date":"2016-04-08T11:06:56","date_gmt":"2016-04-08T09:06:56","guid":{"rendered":"http:\/\/stuffmasterben.ddns.net:54321\/WordPress\/?page_id=106"},"modified":"2018-05-31T07:45:00","modified_gmt":"2018-05-31T07:45:00","slug":"impressum","status":"publish","type":"page","link":"https:\/\/burghammer.de\/?page_id=106","title":{"rendered":"Impressum"},"content":{"rendered":"<h1 align=\"center\">Impressum<\/h1>\n<table class=\"table_ws\" border=\"0\" width=\"80%\" cellspacing=\"1\" cellpadding=\"5\">\n<tbody>\n<tr valign=\"top\">\n<td align=\"right\" width=\"50%\"><strong>Firmenname:<\/strong><\/td>\n<td align=\"left\" width=\"50%\"><span class=\"txt\"><span style=\"font-family: Verdana;\">Dorfclub Burghammer e.V.<\/span><\/span><\/td>\n<\/tr>\n<tr valign=\"top\">\n<td align=\"right\">Anschrift:<\/td>\n<td align=\"left\"><span class=\"txt\"><span style=\"font-family: Verdana;\">02979 Burghammer\u00a0<\/span><\/span><br \/>\n\/ OT Burghammer<br \/>\nBernsteinstra\u00dfe 19<\/td>\n<\/tr>\n<tr valign=\"top\">\n<td align=\"right\"><\/td>\n<td align=\"left\"><\/td>\n<\/tr>\n<tr valign=\"top\">\n<td align=\"right\" width=\"50%\">Email:<\/td>\n<td align=\"left\" width=\"50%\">info<a href=\"http:\/\/www.burghammer.de\/86\/Kontakt.html\">@burghammer.de<\/a><\/td>\n<\/tr>\n<tr valign=\"top\">\n<td align=\"right\" width=\"50%\">Gesch\u00e4ftsf\u00fchrer:<\/td>\n<td align=\"left\" width=\"50%\"><span class=\"txt\"><span style=\"font-family: Verdana;\">Vorstand des Dorfclub Burghammer e.V.<\/span><\/span><br \/>\nRichard Meyer<\/td>\n<\/tr>\n<tr valign=\"top\">\n<td align=\"right\" width=\"50%\">Haftungshinweis:<\/td>\n<td align=\"left\" width=\"50%\">Trotz sorgf\u00e4ltiger inhaltlicher Kontrolle \u00fcbernehmen wir keine Haftung f\u00fcr die Inhalte externer Links. F\u00fcr den Inhalt der verlinkten Seiten sind ausschlie\u00dflich deren Betreiber verantwortlich.<\/td>\n<\/tr>\n<\/tbody>\n<\/table>\n<p style=\"text-align: center;\"><strong><span style=\"color: #cc0000;\">Datenschutzerkl\u00e4rung \/ Haftungshinweis \/ Disclaimer:<\/span><\/strong><\/p>\n<p>Herzlich willkommen!<br \/>\nWir freuen uns, dass Sie unsere Webseiten besuchen und bedanken uns f\u00fcr Ihr Interesse an unserem Unternehmen, unseren Produkten und unseren Webseiten. Der Schutz Ihrer Privatsph\u00e4re bei der Nutzung unserer Webseiten ist uns wichtig. Daher nehmen Sie bitte nehmen Sie die Informationen auf unserer separaten Datenschutzseite zur Kenntnis.<\/p>\n","protected":false},"excerpt":{"rendered":"<p>Impressum Firmenname: Dorfclub Burghammer e.V. Anschrift: 02979 Burghammer\u00a0 \/ OT Burghammer Bernsteinstra\u00dfe 19 Email: info@burghammer.de Gesch\u00e4ftsf\u00fchrer: Vorstand des Dorfclub Burghammer e.V. Richard Meyer Haftungshinweis: Trotz sorgf\u00e4ltiger inhaltlicher Kontrolle \u00fcbernehmen wir keine Haftung f\u00fcr die Inhalte externer Links. F\u00fcr den Inhalt der verlinkten Seiten sind ausschlie\u00dflich deren Betreiber verantwortlich. Datenschutzerkl\u00e4rung \/ Haftungshinweis \/ Disclaimer: Herzlich willkommen! &hellip; <\/p>\n<p class=\"link-more\"><a href=\"https:\/\/burghammer.de\/?page_id=106\" class=\"more-link\"><span class=\"screen-reader-text\">\u201eImpressum\u201c <\/span>weiterlesen<\/a><\/p>\n","protected":false},"author":1,"featured_media":0,"parent":0,"menu_order":10,"comment_status":"closed","ping_status":"closed","template":"","meta":{"footnotes":""},"class_list":["post-106","page","type-page","status-publish","hentry"],"_links":{"self":[{"href":"https:\/\/burghammer.de\/index.php?rest_route=\/wp\/v2\/pages\/106","targetHints":{"allow":["GET"]}}],"collection":[{"href":"https:\/\/burghammer.de\/index.php?rest_route=\/wp\/v2\/pages"}],"about":[{"href":"https:\/\/burghammer.de\/index.php?rest_route=\/wp\/v2\/types\/page"}],"author":[{"embeddable":true,"href":"https:\/\/burghammer.de\/index.php?rest_route=\/wp\/v2\/users\/1"}],"replies":[{"embeddable":true,"href":"https:\/\/burghammer.de\/index.php?rest_route=%2Fwp%2Fv2%2Fcomments&post=106"}],"version-history":[{"count":2,"href":"https:\/\/burghammer.de\/index.php?rest_route=\/wp\/v2\/pages\/106\/revisions"}],"predecessor-version":[{"id":318,"href":"https:\/\/burghammer.de\/index.php?rest_route=\/wp\/v2\/pages\/106\/revisions\/318"}],"wp:attachment":[{"href":"https:\/\/burghammer.de\/index.php?rest_route=%2Fwp%2Fv2%2Fmedia&parent=106"}],"curies":[{"name":"wp","href":"https:\/\/api.w.org\/{rel}","templated":true}]}}