{"id":95,"date":"2016-04-08T10:58:51","date_gmt":"2016-04-08T08:58:51","guid":{"rendered":"http:\/\/stuffmasterben.ddns.net:54321\/WordPress\/?page_id=95"},"modified":"2016-04-08T10:58:51","modified_gmt":"2016-04-08T08:58:51","slug":"historie","status":"publish","type":"page","link":"https:\/\/burghammer.de\/?page_id=95","title":{"rendered":"Historie"},"content":{"rendered":"<table border=\"0\" width=\"572\" cellspacing=\"0\" cellpadding=\"0\">\n<tbody>\n<tr>\n<td colspan=\"3\" align=\"left\" valign=\"top\" width=\"516\" height=\"400\">\n<h1><span class=\"txt1\">Ein kurzer Einblick in die Geschichte<\/span><\/h1>\n<p><span class=\"txt\"><span style=\"font-family: Verdana;\">Die erste urkundliche Erw\u00e4hung datiert von 1596 durch das damalige Hammerwerk bei Burg. Der Ort bestand zu dieser Zeit aus dem Hammerwerk und dem Dorfe Burghammer. Wahrscheinlich hat das Hammerwerk eher existiert als das Dorf. Das Werk geh\u00f6rte zur Herrschaft Hoyerswerda, dessen Besitzer Seyfried von Promnitz, es laut \u00e4ltester Urkunde vom 1.Juli 1596 seinem Verwalter und Hammermeister Christoph Geisel \u00fcberlie\u00df. <\/span><\/span><span style=\"font-family: Verdana;\"><span class=\"txt\">Erst bei erh\u00f6hter Betriebst\u00e4tigkeit des Hammerwerkes hatten sich auf k\u00f6niglichen und dem Neudorfer Gebiet in der N\u00e4he des Werkes Arbeiter angesiedelt.<\/span><\/span><\/p>\n<p><span class=\"txt\">Der Hammer bestand damals aus einer H\u00fctte mit Schmelzofen und Frischfeuer, einer Frischh\u00fctte, einem Wohnhaus mit Schankgerechtigkeit, einem Kohlenhaus und einer M\u00fchle. <\/span><span style=\"font-family: Verdana;\"><span class=\"txt\">Der in der N\u00e4he vorkommende Raseneisenstein wurde hier mit der billigen Holzkohle aus den Heidew\u00e4ldern und der Wasserkraft der Kleinen Spree verh\u00fcttet und sp\u00e4ter auch verarbeitet zu Gebrauchsgegenst\u00e4nden wie Ofenplatten, Gewichte, T\u00f6pfe und Tiegel, auch von Kanonenkugel wird berichtet. Durch die Jahrhunderte bildete das Werk eine Erwerbsquelle f\u00fcr viele H\u00fcttenwerker, Waldarbeiter, K\u00f6hler und Fuhrleute.<\/span><\/span><\/p>\n<p><span class=\"txt\">Erst seit dem Jahre 1650 findet sich eine Spur von dem Dorfe Burghammer, wo 1700 f\u00fcnf und 180 von acht H\u00e4usler wohnten (H\u00e4usler waren fr\u00fcher Kleinbauern, die ein Haus und geringen Grundbesitz hatten), welche die Feldfluren des Eisenwerks gepachtet hatten. Namentlich seien erw\u00e4hnt: Christian Richter, Hans Ziwack, Gottlob Hanko, Matthes Linack, Matthes Mojsa\u00df, Hans Neumann, Hans Tischer, Hans Schneider und Matthes Ro\u00dfmann.<\/span><\/td>\n<td width=\"39\" height=\"400\"><\/td>\n<td width=\"1\" height=\"400\"><\/td>\n<\/tr>\n<tr>\n<td align=\"left\" valign=\"top\" width=\"272\" height=\"160\"><\/td>\n<td align=\"left\" valign=\"top\" width=\"224\" height=\"160\"><\/td>\n<td colspan=\"2\" rowspan=\"2\" width=\"59\" height=\"450\"><\/td>\n<td width=\"1\" height=\"160\"><\/td>\n<\/tr>\n<tr>\n<td colspan=\"2\" align=\"left\" valign=\"top\" width=\"496\" height=\"290\"><span class=\"txt\"><span style=\"font-family: Verdana;\">Sp\u00e4ter bilden 20 H\u00e4usler die Gemeinde &#8222;Dorf Burghammer&#8220;, 5 davon haben auf Neudorfer (fr\u00fcher Naundorf) Grund und Boden aufgebaut. Das Dorf Burghammer ist nach Spreewitz eingepfarrt, w\u00e4hrend das Hammerwerk zu Hoyerswerda geh\u00f6rt.<br \/>\n<\/span><\/span><span class=\"txt\"><span style=\"font-family: Verdana;\">In einer Festschrift von 1907 wird \u00fcber die Entwicklung des Ortes geschrieben:<br \/>\n<\/span><\/span><\/p>\n<dl>\n<dd><span class=\"txt\"><span style=\"font-family: Verdana;\"><em>&#8222;Das Wachstum war also bis dahin ein verh\u00e4ltnism\u00e4\u00dfig langsames zu nennen. Erst seit dem Jahre 1900 wurde die Baut\u00e4tigkeit eine regere und gegenw\u00e4rtig z\u00e4hlt der Ort 56 fertige und 4 im Bau begriffene Wohnh\u00e4user &#8211; eine Tatsache, die zu hoffnungsvollen Ausblicken in die Zukunft berechtigt.&#8220;<\/em><br \/>\n<\/span><\/span><\/dd>\n<\/dl>\n<p><span class=\"txt\"><span style=\"font-family: Verdana;\">An das Hammerwerk bei Burg erinnert heute beinahe nur noch der Name der ehemaligen Werksiedlung Burghammer. Eine der letzten Erinnerungen an dieses Werk war auch das Haus der Werksbeamten, sp\u00e4ter war es das Gemeindehaus mit Kindergarten. Dieses Geb\u00e4ude musste jedoch 1994 wegen seines schlechten Bauzustandes abgerissen werden.<\/span><\/span><\/td>\n<\/tr>\n<\/tbody>\n<\/table>\n","protected":false},"excerpt":{"rendered":"<p>Ein kurzer Einblick in die Geschichte Die erste urkundliche Erw\u00e4hung datiert von 1596 durch das damalige Hammerwerk bei Burg. Der Ort bestand zu dieser Zeit aus dem Hammerwerk und dem Dorfe Burghammer. Wahrscheinlich hat das Hammerwerk eher existiert als das Dorf. Das Werk geh\u00f6rte zur Herrschaft Hoyerswerda, dessen Besitzer Seyfried von Promnitz, es laut \u00e4ltester &hellip; <\/p>\n<p class=\"link-more\"><a href=\"https:\/\/burghammer.de\/?page_id=95\" class=\"more-link\"><span class=\"screen-reader-text\">\u201eHistorie\u201c <\/span>weiterlesen<\/a><\/p>\n","protected":false},"author":1,"featured_media":11,"parent":0,"menu_order":2,"comment_status":"closed","ping_status":"closed","template":"","meta":{"footnotes":""},"class_list":["post-95","page","type-page","status-publish","has-post-thumbnail","hentry"],"_links":{"self":[{"href":"https:\/\/burghammer.de\/index.php?rest_route=\/wp\/v2\/pages\/95","targetHints":{"allow":["GET"]}}],"collection":[{"href":"https:\/\/burghammer.de\/index.php?rest_route=\/wp\/v2\/pages"}],"about":[{"href":"https:\/\/burghammer.de\/index.php?rest_route=\/wp\/v2\/types\/page"}],"author":[{"embeddable":true,"href":"https:\/\/burghammer.de\/index.php?rest_route=\/wp\/v2\/users\/1"}],"replies":[{"embeddable":true,"href":"https:\/\/burghammer.de\/index.php?rest_route=%2Fwp%2Fv2%2Fcomments&post=95"}],"version-history":[{"count":0,"href":"https:\/\/burghammer.de\/index.php?rest_route=\/wp\/v2\/pages\/95\/revisions"}],"wp:featuredmedia":[{"embeddable":true,"href":"https:\/\/burghammer.de\/index.php?rest_route=\/"}],"wp:attachment":[{"href":"https:\/\/burghammer.de\/index.php?rest_route=%2Fwp%2Fv2%2Fmedia&parent=95"}],"curies":[{"name":"wp","href":"https:\/\/api.w.org\/{rel}","templated":true}]}}