{"id":98,"date":"2016-04-08T11:02:03","date_gmt":"2016-04-08T09:02:03","guid":{"rendered":"http:\/\/stuffmasterben.ddns.net:54321\/WordPress\/?page_id=98"},"modified":"2016-04-08T11:02:03","modified_gmt":"2016-04-08T09:02:03","slug":"vor-1900","status":"publish","type":"page","link":"https:\/\/burghammer.de\/?page_id=98","title":{"rendered":"vor 1900"},"content":{"rendered":"<table border=\"0\" width=\"570\" cellspacing=\"0\" cellpadding=\"0\">\n<tbody>\n<tr>\n<td colspan=\"3\" align=\"left\" valign=\"top\" width=\"516\">\n<h1>Geschichtliches vor 1900<\/h1>\n<table border=\"0\" cellspacing=\"2\" cellpadding=\"3\">\n<tbody>\n<tr>\n<td valign=\"top\" bgcolor=\"#7d1a1f\"><span style=\"color: #ffffff;\">1596<\/span><\/td>\n<td><\/td>\n<td>Urkundliche Ersterw\u00e4hnung durch das &#8222;Hammerwerk bei Burg&#8220;. Das Hammerwerk wechselte bis in das 19.Jh. mehrfach seine Besitzer. Sp\u00e4ter geh\u00f6rte es zur Linke-Hofmann-Lauchhammer AG und war wohl das \u00e4lteste der Lauchhammerwerke. Im Jahre 1931 wurde der Betrieb endg\u00fcltig aufgegeben.<\/td>\n<\/tr>\n<tr>\n<td valign=\"top\" bgcolor=\"#7d1a1f\"><span style=\"color: #ffffff;\">1797<\/span><\/td>\n<td><\/td>\n<td>Erstes Schulhaus im H\u00fcttenwerksgel\u00e4nde eingerichtet<\/td>\n<\/tr>\n<tr>\n<td valign=\"top\" bgcolor=\"#7d1a1f\"><span style=\"color: #ffffff;\">1798<\/span><\/td>\n<td><\/td>\n<td>Erstes Bethaus mit sonnt\u00e4glichem Gottesdienst eingeweiht<\/td>\n<\/tr>\n<tr>\n<td valign=\"top\" bgcolor=\"#7d1a1f\"><span style=\"color: #ffffff;\">1812<\/span><\/td>\n<td><\/td>\n<td>Erster Sichtturm erbaut und mit einer Uhr versehen<\/td>\n<\/tr>\n<tr>\n<td valign=\"top\" bgcolor=\"#7d1a1f\"><span style=\"color: #ffffff;\">1815<\/span><\/td>\n<td><\/td>\n<td>Burghammer kam unter Preu\u00dfische Hoheit<\/td>\n<\/tr>\n<tr>\n<td valign=\"top\" bgcolor=\"#7d1a1f\"><span style=\"color: #ffffff;\">1818<\/span><\/td>\n<td><\/td>\n<td>Bau eines Arbeiterwohnhauses und 1819 dann ein zweites<\/td>\n<\/tr>\n<tr>\n<td valign=\"top\" bgcolor=\"#7d1a1f\"><span style=\"color: #ffffff;\">1821<\/span><\/td>\n<td><\/td>\n<td>Bau einer neuen Br\u00fccke \u00fcber den Spreefall und das Spreeufer wurde mit Schlackeziegel eingefasst. Der Turm bekam eine Glocke. In diesem Jahr wurde das &#8222;Positiv&#8220; f\u00fcr die Kapelle eingeweiht.<\/td>\n<\/tr>\n<tr>\n<td valign=\"top\" bgcolor=\"#7d1a1f\"><span style=\"color: #ffffff;\">1825<\/span><\/td>\n<td><\/td>\n<td>F\u00fcr das Eisenwerk wurde eine eigene Kapelle mit Schulhaus gebaut.<\/td>\n<\/tr>\n<tr>\n<td valign=\"top\" bgcolor=\"#7d1a1f\"><span style=\"color: #ffffff;\">1841<\/span><\/td>\n<td><\/td>\n<td>Die neue Orgel in der Kapelle wurde vom Pastor Kopf aus Spreewitz eingeweiht.<\/td>\n<\/tr>\n<tr>\n<td valign=\"top\" bgcolor=\"#7d1a1f\"><span style=\"color: #ffffff;\">1858<\/span><\/td>\n<td><\/td>\n<td>Der Gasthof, urspr\u00fcnglich von der Herrschaft gebaut, bekam einen neuen Tanzsaal und eine Kegelbahn. In der Zeit 1858-1869, auch &#8222;Zimmermannszeiten&#8220; genannt, wurden hier Kegel-, Bier-, Theater- und Konzertabende gefeiert und Scheiben- und Sternschie\u00dfen abgehalten. Zu dieser Zeit wurde auch ein zweist\u00f6ckiges Arbeiterwohnhaus erbaut.<\/td>\n<\/tr>\n<tr>\n<td valign=\"top\" bgcolor=\"#7d1a1f\"><span style=\"color: #ffffff;\">1864<\/span><\/td>\n<td><\/td>\n<td>Die Sonntagsschule, von 8 bis 11 Uhr abgehalten, wurde am 01.10.1864 mit 19 Sch\u00fclern, Lehrlingen und Gesellen des Eisenwerkes er\u00f6ffnet.<\/td>\n<\/tr>\n<tr>\n<td valign=\"top\" bgcolor=\"#7d1a1f\"><span style=\"color: #ffffff;\">1872<\/span><\/td>\n<td><\/td>\n<td>Das am Wege nach Burgneudorf gelegene Wohnhaus wurde erbaut.<\/td>\n<\/tr>\n<tr>\n<td valign=\"top\" bgcolor=\"#7d1a1f\"><span style=\"color: #ffffff;\">1887<\/span><\/td>\n<td><\/td>\n<td>Unser Ort erhielt eine eigene Postagentur, zwei Jahre sp\u00e4ter auch Telefonverbindung nach Hoyerswerda. Bis 1947 war die Poststelle in verschiedenen H\u00e4usern in Burghammer untergebracht. Von 1947 f\u00fchrte Familie Krautz die Poststelle, ab 1976 bis zur Schlie\u00dfung 1992 \u00fcbernahm Frau Frey dann die Post.<\/td>\n<\/tr>\n<tr>\n<td valign=\"top\" bgcolor=\"#7d1a1f\"><span style=\"color: #ffffff;\">1897<\/span><\/td>\n<td><\/td>\n<td>Gr\u00fcndung der Freiwilligen Feuerwehr Burghammer<\/td>\n<\/tr>\n<tr>\n<td valign=\"top\" bgcolor=\"#7d1a1f\"><span style=\"color: #ffffff;\">1898<\/span><\/td>\n<td><\/td>\n<td>Bau eines massiven Steigerturms f\u00fcr die Feuerwehr.<\/td>\n<\/tr>\n<\/tbody>\n<\/table>\n<\/td>\n<td rowspan=\"2\" width=\"37\"><\/td>\n<td width=\"1\"><\/td>\n<\/tr>\n<tr>\n<td colspan=\"2\" rowspan=\"2\" width=\"80\"><\/td>\n<td colspan=\"2\" align=\"left\" valign=\"top\" width=\"452\"><\/td>\n<td width=\"1\"><\/td>\n<\/tr>\n<\/tbody>\n<\/table>\n","protected":false},"excerpt":{"rendered":"<p>Geschichtliches vor 1900 1596 Urkundliche Ersterw\u00e4hnung durch das &#8222;Hammerwerk bei Burg&#8220;. Das Hammerwerk wechselte bis in das 19.Jh. mehrfach seine Besitzer. Sp\u00e4ter geh\u00f6rte es zur Linke-Hofmann-Lauchhammer AG und war wohl das \u00e4lteste der Lauchhammerwerke. Im Jahre 1931 wurde der Betrieb endg\u00fcltig aufgegeben. 1797 Erstes Schulhaus im H\u00fcttenwerksgel\u00e4nde eingerichtet 1798 Erstes Bethaus mit sonnt\u00e4glichem Gottesdienst eingeweiht &hellip; <\/p>\n<p class=\"link-more\"><a href=\"https:\/\/burghammer.de\/?page_id=98\" class=\"more-link\"><span class=\"screen-reader-text\">\u201evor 1900\u201c <\/span>weiterlesen<\/a><\/p>\n","protected":false},"author":1,"featured_media":0,"parent":95,"menu_order":0,"comment_status":"closed","ping_status":"closed","template":"","meta":{"footnotes":""},"class_list":["post-98","page","type-page","status-publish","hentry"],"_links":{"self":[{"href":"https:\/\/burghammer.de\/index.php?rest_route=\/wp\/v2\/pages\/98","targetHints":{"allow":["GET"]}}],"collection":[{"href":"https:\/\/burghammer.de\/index.php?rest_route=\/wp\/v2\/pages"}],"about":[{"href":"https:\/\/burghammer.de\/index.php?rest_route=\/wp\/v2\/types\/page"}],"author":[{"embeddable":true,"href":"https:\/\/burghammer.de\/index.php?rest_route=\/wp\/v2\/users\/1"}],"replies":[{"embeddable":true,"href":"https:\/\/burghammer.de\/index.php?rest_route=%2Fwp%2Fv2%2Fcomments&post=98"}],"version-history":[{"count":0,"href":"https:\/\/burghammer.de\/index.php?rest_route=\/wp\/v2\/pages\/98\/revisions"}],"up":[{"embeddable":true,"href":"https:\/\/burghammer.de\/index.php?rest_route=\/wp\/v2\/pages\/95"}],"wp:attachment":[{"href":"https:\/\/burghammer.de\/index.php?rest_route=%2Fwp%2Fv2%2Fmedia&parent=98"}],"curies":[{"name":"wp","href":"https:\/\/api.w.org\/{rel}","templated":true}]}}